{"id":19690,"date":"2020-03-02T10:27:05","date_gmt":"2020-03-02T09:27:05","guid":{"rendered":"https:\/\/ohana-heritage.com\/kontakt\/"},"modified":"2025-06-28T07:25:54","modified_gmt":"2025-06-28T05:25:54","slug":"kontakt","status":"publish","type":"page","link":"https:\/\/ohana-heritage.com\/de\/kontakt\/","title":{"rendered":"Kontakt"},"content":{"rendered":"\t\t<div data-elementor-type=\"wp-page\" data-elementor-id=\"19690\" class=\"elementor elementor-19690 elementor-16941\" data-elementor-post-type=\"page\">\n\t\t\t\t\t\t<section class=\"elementor-section elementor-top-section elementor-element elementor-element-125aa3d elementor-section-height-min-height animated-slow elementor-section-boxed elementor-section-height-default elementor-section-items-middle elementor-invisible\" data-id=\"125aa3d\" data-element_type=\"section\" data-e-type=\"section\" data-settings=\"{&quot;background_background&quot;:&quot;classic&quot;,&quot;animation&quot;:&quot;fadeIn&quot;}\">\n\t\t\t\t\t\t\t<div class=\"elementor-background-overlay\"><\/div>\n\t\t\t\t\t\t\t<div class=\"elementor-container elementor-column-gap-default\">\n\t\t\t\t\t<div class=\"elementor-column elementor-col-100 elementor-top-column elementor-element elementor-element-3b3a0df\" data-id=\"3b3a0df\" data-element_type=\"column\" data-e-type=\"column\">\n\t\t\t<div class=\"elementor-widget-wrap elementor-element-populated\">\n\t\t\t\t\t\t<div class=\"elementor-element elementor-element-1bdf606 elementor-widget elementor-widget-heading\" data-id=\"1bdf606\" data-element_type=\"widget\" data-e-type=\"widget\" data-widget_type=\"heading.default\">\n\t\t\t\t<div class=\"elementor-widget-container\">\n\t\t\t\t\t<h1 class=\"elementor-heading-title elementor-size-default\">KontaktBesprechen wir Ihr Projekt<\/h1>\t\t\t\t<\/div>\n\t\t\t\t<\/div>\n\t\t\t\t\t<\/div>\n\t\t<\/div>\n\t\t\t\t\t<\/div>\n\t\t<\/section>\n\t\t\t\t<section class=\"elementor-section elementor-top-section elementor-element elementor-element-5ec2734 elementor-section-boxed elementor-section-height-default elementor-section-height-default\" data-id=\"5ec2734\" data-element_type=\"section\" data-e-type=\"section\">\n\t\t\t\t\t\t<div class=\"elementor-container elementor-column-gap-default\">\n\t\t\t\t\t<div class=\"elementor-column elementor-col-100 elementor-top-column elementor-element elementor-element-e1bd41f\" data-id=\"e1bd41f\" data-element_type=\"column\" data-e-type=\"column\">\n\t\t\t<div class=\"elementor-widget-wrap elementor-element-populated\">\n\t\t\t\t\t\t<div class=\"elementor-element elementor-element-49cbafe elementor-widget elementor-widget-houzez_elementor_space\" data-id=\"49cbafe\" data-element_type=\"widget\" data-e-type=\"widget\" data-widget_type=\"houzez_elementor_space.default\">\n\t\t\t\t<div class=\"elementor-widget-container\">\n\t\t\t\t\t        <div class=\"houzez-spacer\">\n            <div class=\"houzez-spacer-inner\"><\/div>\n        <\/div>\n        \t\t\t\t<\/div>\n\t\t\t\t<\/div>\n\t\t\t\t\t<\/div>\n\t\t<\/div>\n\t\t\t\t\t<\/div>\n\t\t<\/section>\n\t\t\t\t<section class=\"elementor-section elementor-top-section elementor-element elementor-element-d0b02e7 elementor-section-content-top animated-slow elementor-section-boxed elementor-section-height-default elementor-section-height-default elementor-invisible\" data-id=\"d0b02e7\" data-element_type=\"section\" data-e-type=\"section\" data-settings=\"{&quot;animation&quot;:&quot;fadeIn&quot;}\">\n\t\t\t\t\t\t<div class=\"elementor-container elementor-column-gap-default\">\n\t\t\t\t\t<div class=\"elementor-column elementor-col-50 elementor-top-column elementor-element elementor-element-3139327\" data-id=\"3139327\" data-element_type=\"column\" data-e-type=\"column\" data-settings=\"{&quot;background_background&quot;:&quot;classic&quot;}\">\n\t\t\t<div class=\"elementor-widget-wrap elementor-element-populated\">\n\t\t\t\t\t\t<div class=\"elementor-element elementor-element-8ff1404 elementor-widget elementor-widget-text-editor\" data-id=\"8ff1404\" data-element_type=\"widget\" data-e-type=\"widget\" data-widget_type=\"text-editor.default\">\n\t\t\t\t<div class=\"elementor-widget-container\">\n\t\t\t\t\t\t\t\t\t<p><strong>Beginnen Sie das Ohana-Erlebnis<\/strong><\/p><p>Mehr als ein Immobilienkauf, ein Eintritt in eine Welt der Diskretion, der Eleganz und des Vertrauens. Mauritius, wie Sie es noch nie erlebt haben. <\/p>\t\t\t\t\t\t\t\t<\/div>\n\t\t\t\t<\/div>\n\t\t\t\t<div class=\"elementor-element elementor-element-f4a5b85 elementor-button-align-stretch elementor-widget elementor-widget-houzez_elementor_contact_form\" data-id=\"f4a5b85\" data-element_type=\"widget\" data-e-type=\"widget\" data-widget_type=\"houzez_elementor_contact_form.default\">\n\t\t\t\t<div class=\"elementor-widget-container\">\n\t\t\t\t\t\n        <script type=\"application\/javascript\">\n            jQuery(document).bind(\"ready\", function () {\n                houzezValidateElementor(\"#houzez-form-f4a5b85\" );\n            });\n        <\/script>\n\n        <form class=\"elementor-form houzez-ele-form-js\" id=\"houzez-form-f4a5b85\" method=\"post\" name=\"Neue Form\" action=\"https:\/\/ohana-heritage.com\/wp-admin\/admin-ajax.php\">\n            <input type=\"hidden\" name=\"form_id\" value=\"f4a5b85\"\/>\n            <input type=\"hidden\" name=\"houzez_contact_form\" value=\"yes\"\/>\n            <input type=\"hidden\" name=\"action\" value=\"houzez_ele_contact_form\" \/>\n            <input type=\"hidden\" name=\"source_link\" value=\"https:\/\/ohana-heritage.com\/de\/kontakt\/\" \/>\n            <input type=\"hidden\" name=\"lead_page_id\" value=\"19690\" \/>\n            <input type=\"hidden\" name=\"webhook\" value=\"false\" \/>\n            <input type=\"hidden\" name=\"webhook_url\" value=\"\" \/>\n            <input type=\"hidden\" name=\"redirect_to\" value=\"\" \/>\n            <input type=\"hidden\" name=\"google_recaptcha\" value=\"yes\" \/>\n            \n\n            <div class=\"elementor-form-fields-wrapper elementor-labels-above\">\n\n                                    <div class=\"elementor-field-group elementor-column form-group elementor-field-group-name elementor-col-50 elementor-field-required elementor-mark-required\">\n                    <label for=\"form-field-name\" class=\"elementor-field-label\">Name<\/label><input type=\"text\" name=\"first_name\" id=\"form-field-name\" class=\"elementor-field form-control elementor-size-sm elementor-field-textual\" title=\"* Name\" required=\"required\">                    <\/div>\n\n                                        <div class=\"elementor-field-group elementor-column form-group elementor-field-group-bf18955 elementor-col-50 elementor-field-required elementor-mark-required\">\n                    <label for=\"form-field-bf18955\" class=\"elementor-field-label\">Vorname<\/label><input type=\"text\" name=\"last_name\" id=\"form-field-bf18955\" class=\"elementor-field form-control elementor-size-sm elementor-field-textual\" title=\"* Vorname\" required=\"required\">                    <\/div>\n\n                                        <div class=\"elementor-field-group elementor-column form-group elementor-field-group-a64ff98 elementor-col-100 elementor-field-required elementor-mark-required\">\n                    <label for=\"form-field-a64ff98\" class=\"elementor-field-label\">Nationalit\u00e4t<\/label><input type=\"text\" name=\"mobile\" id=\"form-field-a64ff98\" class=\"elementor-field form-control elementor-size-sm elementor-field-textual\" title=\"* Nationalit\u00e4t\" required=\"required\">                    <\/div>\n\n                                        <div class=\"elementor-field-group elementor-column form-group elementor-field-group-email elementor-col-100 elementor-field-required elementor-mark-required\">\n                    <label for=\"form-field-email\" class=\"elementor-field-label\">Email<\/label><input type=\"email\" name=\"email\" id=\"form-field-email\" class=\"elementor-field form-control elementor-size-sm elementor-field-textual\" title=\"* Email\" required=\"required\">                    <\/div>\n\n                                        <div class=\"elementor-field-group elementor-column form-group elementor-field-group-2a1c2b4 elementor-col-100 elementor-field-required elementor-mark-required\">\n                    <label for=\"form-field-2a1c2b4\" class=\"elementor-field-label\">Telefon mit Vorwahl<\/label><input type=\"text\" name=\"mobile\" id=\"form-field-2a1c2b4\" class=\"elementor-field form-control elementor-size-sm elementor-field-textual\" placeholder=\"+\" title=\"* Telefon mit Vorwahl\" required=\"required\">                    <\/div>\n\n                                        <div class=\"elementor-field-group elementor-column form-group elementor-field-group-message elementor-col-100 elementor-field-required elementor-mark-required\">\n                    <label for=\"form-field-message\" class=\"elementor-field-label\">Nachricht<\/label><textarea class=\"elementor-field-textual elementor-field elementor-size-sm\" name=\"message\" id=\"form-field-message\" rows=\"4\" required=\"required\" title=\"* Nachricht\"><\/textarea>                    <\/div>\n\n                    \n                    \n                                        \n                    <div class=\"houzez-gdpr-agreement elementor-field-group elementor-col-100\">\n                        <label for=\"gdpr_agreement\" class=\"elementor-field-label\">GDPR Agreement<\/label>\n                        <div class=\"gdpr-agreement-subgroup\">\n                            <span class=\"gdpr-field-option\">\n                                <label class=\"gdpr-text\" for=\"gdpr_agreement\">\n                                    <input required type=\"checkbox\" name=\"gdpr_agreement\" id=\"gdpr_agreement\" title=\"* GDPR Agreement\">  Ich erm\u00e4chtige Ohana Heritage, meine pers\u00f6nlichen Daten gem\u00e4\u00df ihrer Datenschutzrichtlinie zu sammeln.                                <\/label>\n                            <\/span>\n                        <\/div>             \n                    <\/div>\n                    \n                                        <div class=\"elementor-field-group \">\n                        <div class=\"form-group captcha_wrapper houzez-grecaptcha-v2\">\n    <div class=\"houzez_google_reCaptcha\"><\/div>\n<\/div>\n                    <\/div>\n                    \n                    <div class=\"elementor-field-group elementor-column elementor-field-type-submit elementor-col-100\">\n                    <button type=\"submit\" class=\"houzez-submit-button houzez-contact-form-js elementor-button elementor-size-sm\">\n                        <i class=\"btn-loader houzez-loader-js\"><\/i>\n                                                    Meine Anfrage senden                                            <\/button>\n                <\/div>\n            <\/div><!-- End wrapper-->\n            <br\/>\n            <div class=\"ele-form-messages\"><\/div>\n            <div class=\"error-container\"><\/div>\n\n        <\/form>\n\n    \t\t\t\t<\/div>\n\t\t\t\t<\/div>\n\t\t\t\t\t<\/div>\n\t\t<\/div>\n\t\t\t\t<div class=\"elementor-column elementor-col-25 elementor-top-column elementor-element elementor-element-bd2c54b\" data-id=\"bd2c54b\" data-element_type=\"column\" data-e-type=\"column\">\n\t\t\t<div class=\"elementor-widget-wrap\">\n\t\t\t\t\t\t\t<\/div>\n\t\t<\/div>\n\t\t\t\t<div class=\"elementor-column elementor-col-25 elementor-top-column elementor-element elementor-element-66ddd7d\" data-id=\"66ddd7d\" data-element_type=\"column\" data-e-type=\"column\">\n\t\t\t<div class=\"elementor-widget-wrap elementor-element-populated\">\n\t\t\t\t\t\t<div class=\"elementor-element elementor-element-23057bd elementor-widget elementor-widget-text-editor\" data-id=\"23057bd\" data-element_type=\"widget\" data-e-type=\"widget\" data-widget_type=\"text-editor.default\">\n\t\t\t\t<div class=\"elementor-widget-container\">\n\t\t\t\t\t\t\t\t\t<p class=\"padding-top\">Unser Team steht Ihnen weiterhin zur Verf\u00fcgung :<\/p><p><strong>PENARRUBIA Franck<br><\/strong><a href=\"mailto:franck@ohana-heritage.com\">contact@ohana-heritage.com<\/a><br><a href=\"https:\/\/wa.me\/23054834666\">+230 5483 4666<\/a><br>Francais<\/p><p><strong>PENARRUBIA Milena<\/strong><br><a href=\"mailto:milena@ohana-heritage.com\">contact@ohana-heritage.com<\/a><br><a href=\"https:\/\/wa.me\/23057406021\">+230 5740 6021<\/a><br>Russe &amp; Anglais<\/p>\t\t\t\t\t\t\t\t<\/div>\n\t\t\t\t<\/div>\n\t\t\t\t<div class=\"elementor-element elementor-element-3c1041e elementor-widget elementor-widget-text-editor\" data-id=\"3c1041e\" data-element_type=\"widget\" data-e-type=\"widget\" data-widget_type=\"text-editor.default\">\n\t\t\t\t<div class=\"elementor-widget-container\">\n\t\t\t\t\t\t\t\t\t<p class=\"padding-top\"><strong>OHANA HERITAGE GROUP<\/strong><\/p><p>Vertrauliche Agentur auf Mauritius<br>Private Besuche und Termine auf Anfrage.<\/p>\t\t\t\t\t\t\t\t<\/div>\n\t\t\t\t<\/div>\n\t\t\t\t\t<\/div>\n\t\t<\/div>\n\t\t\t\t\t<\/div>\n\t\t<\/section>\n\t\t\t\t<section class=\"elementor-section elementor-top-section elementor-element elementor-element-ddbf539 elementor-section-boxed elementor-section-height-default elementor-section-height-default\" data-id=\"ddbf539\" data-element_type=\"section\" data-e-type=\"section\">\n\t\t\t\t\t\t<div class=\"elementor-container elementor-column-gap-default\">\n\t\t\t\t\t<div class=\"elementor-column elementor-col-100 elementor-top-column elementor-element elementor-element-84f5425\" data-id=\"84f5425\" data-element_type=\"column\" data-e-type=\"column\">\n\t\t\t<div class=\"elementor-widget-wrap elementor-element-populated\">\n\t\t\t\t\t\t<div class=\"elementor-element elementor-element-11366a9 elementor-widget elementor-widget-spacer\" data-id=\"11366a9\" data-element_type=\"widget\" data-e-type=\"widget\" data-widget_type=\"spacer.default\">\n\t\t\t\t<div class=\"elementor-widget-container\">\n\t\t\t\t\t\t\t<div class=\"elementor-spacer\">\n\t\t\t<div class=\"elementor-spacer-inner\"><\/div>\n\t\t<\/div>\n\t\t\t\t\t\t<\/div>\n\t\t\t\t<\/div>\n\t\t\t\t\t<\/div>\n\t\t<\/div>\n\t\t\t\t\t<\/div>\n\t\t<\/section>\n\t\t\t\t<\/div>\n\t\t","protected":false},"excerpt":{"rendered":"<p>KontaktBesprechen wir Ihr Projekt Beginnen Sie das Ohana-Erlebnis Mehr als ein Immobilienkauf, ein Eintritt in eine Welt der Diskretion, der Eleganz und des Vertrauens. Mauritius, wie Sie es noch nie erlebt haben. Name Vorname Nationalit\u00e4t Email Telefon mit Vorwahl Nachricht GDPR Agreement Ich erm\u00e4chtige Ohana Heritage, meine pers\u00f6nlichen Daten gem\u00e4\u00df ihrer Datenschutzrichtlinie zu sammeln. Meine [&hellip;]<\/p>\n","protected":false},"author":1,"featured_media":19622,"parent":0,"menu_order":0,"comment_status":"closed","ping_status":"closed","template":"template\/template-homepage.php","meta":{"_yoast_wpseo_focuskw":"Kontakt Ohana Heritage","_yoast_wpseo_title":"Kontakt Ohana Heritage - Real estate Mauritius","_yoast_wpseo_metadesc":"Kontaktieren Sie Ohana Heritage, eine Luxusimmobilienagentur auf Mauritius, um Ihre Immobilienprojekte und Investitionen zu realisieren.","_yoast_wpseo_opengraph_title":"","_yoast_wpseo_opengraph_description":"","footnotes":""},"class_list":["post-19690","page","type-page","status-publish","has-post-thumbnail","hentry"],"yoast_head":"<!-- This site is optimized with the Yoast SEO Premium plugin v27.0 (Yoast SEO v27.5) - https:\/\/yoast.com\/product\/yoast-seo-premium-wordpress\/ -->\n<title>Kontakt Ohana Heritage - Real estate Mauritius<\/title>\n<meta name=\"description\" content=\"Kontaktieren Sie Ohana Heritage, eine Luxusimmobilienagentur auf Mauritius, um Ihre Immobilienprojekte und Investitionen zu realisieren.\" \/>\n<meta name=\"robots\" content=\"index, follow, max-snippet:-1, max-image-preview:large, max-video-preview:-1\" \/>\n<link rel=\"canonical\" href=\"https:\/\/ohana-heritage.com\/de\/kontakt\/\" \/>\n<meta property=\"og:locale\" content=\"de_DE\" \/>\n<meta property=\"og:type\" content=\"article\" \/>\n<meta property=\"og:title\" content=\"Kontakt\" \/>\n<meta property=\"og:description\" content=\"Kontaktieren Sie Ohana Heritage, eine Luxusimmobilienagentur auf Mauritius, um Ihre Immobilienprojekte und Investitionen zu realisieren.\" \/>\n<meta property=\"og:url\" content=\"https:\/\/ohana-heritage.com\/de\/kontakt\/\" \/>\n<meta property=\"og:site_name\" content=\"ohana-heritage\" \/>\n<meta property=\"article:modified_time\" content=\"2025-06-28T05:25:54+00:00\" \/>\n<meta property=\"og:image\" content=\"https:\/\/ohana-heritage.com\/wp-content\/uploads\/2016\/03\/Villa-de-luxe-a-lile-Maurice-avec-piscine-et-jardin-prive-17.jpg\" \/>\n\t<meta property=\"og:image:width\" content=\"1169\" \/>\n\t<meta property=\"og:image:height\" content=\"877\" \/>\n\t<meta property=\"og:image:type\" content=\"image\/jpeg\" \/>\n<meta name=\"twitter:card\" content=\"summary_large_image\" \/>\n<script type=\"application\/ld+json\" class=\"yoast-schema-graph\">{\"@context\":\"https:\\\/\\\/schema.org\",\"@graph\":[{\"@type\":\"WebPage\",\"@id\":\"https:\\\/\\\/ohana-heritage.com\\\/de\\\/kontakt\\\/\",\"url\":\"https:\\\/\\\/ohana-heritage.com\\\/de\\\/kontakt\\\/\",\"name\":\"Kontakt Ohana Heritage - Real estate Mauritius\",\"isPartOf\":{\"@id\":\"https:\\\/\\\/ohana-heritage.com\\\/de\\\/#website\"},\"primaryImageOfPage\":{\"@id\":\"https:\\\/\\\/ohana-heritage.com\\\/de\\\/kontakt\\\/#primaryimage\"},\"image\":{\"@id\":\"https:\\\/\\\/ohana-heritage.com\\\/de\\\/kontakt\\\/#primaryimage\"},\"thumbnailUrl\":\"https:\\\/\\\/ohana-heritage.com\\\/wp-content\\\/uploads\\\/2016\\\/03\\\/Villa-de-luxe-a-lile-Maurice-avec-piscine-et-jardin-prive-17.jpg\",\"datePublished\":\"2020-03-02T09:27:05+00:00\",\"dateModified\":\"2025-06-28T05:25:54+00:00\",\"description\":\"Kontaktieren Sie Ohana Heritage, eine Luxusimmobilienagentur auf Mauritius, um Ihre Immobilienprojekte und Investitionen zu realisieren.\",\"breadcrumb\":{\"@id\":\"https:\\\/\\\/ohana-heritage.com\\\/de\\\/kontakt\\\/#breadcrumb\"},\"inLanguage\":\"de\",\"potentialAction\":[{\"@type\":\"ReadAction\",\"target\":[\"https:\\\/\\\/ohana-heritage.com\\\/de\\\/kontakt\\\/\"]}]},{\"@type\":\"ImageObject\",\"inLanguage\":\"de\",\"@id\":\"https:\\\/\\\/ohana-heritage.com\\\/de\\\/kontakt\\\/#primaryimage\",\"url\":\"https:\\\/\\\/ohana-heritage.com\\\/wp-content\\\/uploads\\\/2016\\\/03\\\/Villa-de-luxe-a-lile-Maurice-avec-piscine-et-jardin-prive-17.jpg\",\"contentUrl\":\"https:\\\/\\\/ohana-heritage.com\\\/wp-content\\\/uploads\\\/2016\\\/03\\\/Villa-de-luxe-a-lile-Maurice-avec-piscine-et-jardin-prive-17.jpg\",\"width\":1169,\"height\":877},{\"@type\":\"BreadcrumbList\",\"@id\":\"https:\\\/\\\/ohana-heritage.com\\\/de\\\/kontakt\\\/#breadcrumb\",\"itemListElement\":[{\"@type\":\"ListItem\",\"position\":1,\"name\":\"Accueil\",\"item\":\"https:\\\/\\\/ohana-heritage.com\\\/de\\\/luxusimmobilienagentur-auf-mauritius-ohana-heritage\\\/\"},{\"@type\":\"ListItem\",\"position\":2,\"name\":\"Kontakt\"}]},{\"@type\":\"WebSite\",\"@id\":\"https:\\\/\\\/ohana-heritage.com\\\/de\\\/#website\",\"url\":\"https:\\\/\\\/ohana-heritage.com\\\/de\\\/\",\"name\":\"Ohana Heritage Group\",\"description\":\"Une exp\u00e9rience unique, soyez Ohana\",\"publisher\":{\"@id\":\"https:\\\/\\\/ohana-heritage.com\\\/de\\\/#organization\"},\"alternateName\":\"Ohana Heritage\",\"potentialAction\":[{\"@type\":\"SearchAction\",\"target\":{\"@type\":\"EntryPoint\",\"urlTemplate\":\"https:\\\/\\\/ohana-heritage.com\\\/de\\\/?s={search_term_string}\"},\"query-input\":{\"@type\":\"PropertyValueSpecification\",\"valueRequired\":true,\"valueName\":\"search_term_string\"}}],\"inLanguage\":\"de\"},{\"@type\":\"Organization\",\"@id\":\"https:\\\/\\\/ohana-heritage.com\\\/de\\\/#organization\",\"name\":\"Ohana Heritage Group\",\"alternateName\":\"Ohana Heritage\",\"url\":\"https:\\\/\\\/ohana-heritage.com\\\/de\\\/\",\"logo\":{\"@type\":\"ImageObject\",\"inLanguage\":\"de\",\"@id\":\"https:\\\/\\\/ohana-heritage.com\\\/de\\\/#\\\/schema\\\/logo\\\/image\\\/\",\"url\":\"https:\\\/\\\/ohana-heritage.com\\\/wp-content\\\/uploads\\\/2025\\\/05\\\/Plan-de-travail-10.png\",\"contentUrl\":\"https:\\\/\\\/ohana-heritage.com\\\/wp-content\\\/uploads\\\/2025\\\/05\\\/Plan-de-travail-10.png\",\"width\":761,\"height\":602,\"caption\":\"Ohana Heritage Group\"},\"image\":{\"@id\":\"https:\\\/\\\/ohana-heritage.com\\\/de\\\/#\\\/schema\\\/logo\\\/image\\\/\"},\"description\":\"Agence immobili\u00e8re haut de gamme \u2013 ventes, locations et investissements immobiliers de prestige \u00e0 l\u2019\u00cele Maurice\",\"email\":\"contact@ohana-heritage.com\",\"telephone\":\"+230548346669\",\"legalName\":\"Ohana Heritage - Luxury Real Estate\",\"numberOfEmployees\":{\"@type\":\"QuantitativeValue\",\"minValue\":\"1\",\"maxValue\":\"10\"}}]}<\/script>\n<!-- \/ Yoast SEO Premium plugin. -->","yoast_head_json":{"title":"Kontakt Ohana Heritage - Real estate Mauritius","description":"Kontaktieren Sie Ohana Heritage, eine Luxusimmobilienagentur auf Mauritius, um Ihre Immobilienprojekte und Investitionen zu realisieren.","robots":{"index":"index","follow":"follow","max-snippet":"max-snippet:-1","max-image-preview":"max-image-preview:large","max-video-preview":"max-video-preview:-1"},"canonical":"https:\/\/ohana-heritage.com\/de\/kontakt\/","og_locale":"de_DE","og_type":"article","og_title":"Kontakt","og_description":"Kontaktieren Sie Ohana Heritage, eine Luxusimmobilienagentur auf Mauritius, um Ihre Immobilienprojekte und Investitionen zu realisieren.","og_url":"https:\/\/ohana-heritage.com\/de\/kontakt\/","og_site_name":"ohana-heritage","article_modified_time":"2025-06-28T05:25:54+00:00","og_image":[{"width":1169,"height":877,"url":"https:\/\/ohana-heritage.com\/wp-content\/uploads\/2016\/03\/Villa-de-luxe-a-lile-Maurice-avec-piscine-et-jardin-prive-17.jpg","type":"image\/jpeg"}],"twitter_card":"summary_large_image","schema":{"@context":"https:\/\/schema.org","@graph":[{"@type":"WebPage","@id":"https:\/\/ohana-heritage.com\/de\/kontakt\/","url":"https:\/\/ohana-heritage.com\/de\/kontakt\/","name":"Kontakt Ohana Heritage - Real estate Mauritius","isPartOf":{"@id":"https:\/\/ohana-heritage.com\/de\/#website"},"primaryImageOfPage":{"@id":"https:\/\/ohana-heritage.com\/de\/kontakt\/#primaryimage"},"image":{"@id":"https:\/\/ohana-heritage.com\/de\/kontakt\/#primaryimage"},"thumbnailUrl":"https:\/\/ohana-heritage.com\/wp-content\/uploads\/2016\/03\/Villa-de-luxe-a-lile-Maurice-avec-piscine-et-jardin-prive-17.jpg","datePublished":"2020-03-02T09:27:05+00:00","dateModified":"2025-06-28T05:25:54+00:00","description":"Kontaktieren Sie Ohana Heritage, eine Luxusimmobilienagentur auf Mauritius, um Ihre Immobilienprojekte und Investitionen zu realisieren.","breadcrumb":{"@id":"https:\/\/ohana-heritage.com\/de\/kontakt\/#breadcrumb"},"inLanguage":"de","potentialAction":[{"@type":"ReadAction","target":["https:\/\/ohana-heritage.com\/de\/kontakt\/"]}]},{"@type":"ImageObject","inLanguage":"de","@id":"https:\/\/ohana-heritage.com\/de\/kontakt\/#primaryimage","url":"https:\/\/ohana-heritage.com\/wp-content\/uploads\/2016\/03\/Villa-de-luxe-a-lile-Maurice-avec-piscine-et-jardin-prive-17.jpg","contentUrl":"https:\/\/ohana-heritage.com\/wp-content\/uploads\/2016\/03\/Villa-de-luxe-a-lile-Maurice-avec-piscine-et-jardin-prive-17.jpg","width":1169,"height":877},{"@type":"BreadcrumbList","@id":"https:\/\/ohana-heritage.com\/de\/kontakt\/#breadcrumb","itemListElement":[{"@type":"ListItem","position":1,"name":"Accueil","item":"https:\/\/ohana-heritage.com\/de\/luxusimmobilienagentur-auf-mauritius-ohana-heritage\/"},{"@type":"ListItem","position":2,"name":"Kontakt"}]},{"@type":"WebSite","@id":"https:\/\/ohana-heritage.com\/de\/#website","url":"https:\/\/ohana-heritage.com\/de\/","name":"Ohana Heritage Group","description":"Une exp\u00e9rience unique, soyez Ohana","publisher":{"@id":"https:\/\/ohana-heritage.com\/de\/#organization"},"alternateName":"Ohana Heritage","potentialAction":[{"@type":"SearchAction","target":{"@type":"EntryPoint","urlTemplate":"https:\/\/ohana-heritage.com\/de\/?s={search_term_string}"},"query-input":{"@type":"PropertyValueSpecification","valueRequired":true,"valueName":"search_term_string"}}],"inLanguage":"de"},{"@type":"Organization","@id":"https:\/\/ohana-heritage.com\/de\/#organization","name":"Ohana Heritage Group","alternateName":"Ohana Heritage","url":"https:\/\/ohana-heritage.com\/de\/","logo":{"@type":"ImageObject","inLanguage":"de","@id":"https:\/\/ohana-heritage.com\/de\/#\/schema\/logo\/image\/","url":"https:\/\/ohana-heritage.com\/wp-content\/uploads\/2025\/05\/Plan-de-travail-10.png","contentUrl":"https:\/\/ohana-heritage.com\/wp-content\/uploads\/2025\/05\/Plan-de-travail-10.png","width":761,"height":602,"caption":"Ohana Heritage Group"},"image":{"@id":"https:\/\/ohana-heritage.com\/de\/#\/schema\/logo\/image\/"},"description":"Agence immobili\u00e8re haut de gamme \u2013 ventes, locations et investissements immobiliers de prestige \u00e0 l\u2019\u00cele Maurice","email":"contact@ohana-heritage.com","telephone":"+230548346669","legalName":"Ohana Heritage - Luxury Real Estate","numberOfEmployees":{"@type":"QuantitativeValue","minValue":"1","maxValue":"10"}}]}},"_links":{"self":[{"href":"https:\/\/ohana-heritage.com\/de\/wp-json\/wp\/v2\/pages\/19690","targetHints":{"allow":["GET"]}}],"collection":[{"href":"https:\/\/ohana-heritage.com\/de\/wp-json\/wp\/v2\/pages"}],"about":[{"href":"https:\/\/ohana-heritage.com\/de\/wp-json\/wp\/v2\/types\/page"}],"author":[{"embeddable":true,"href":"https:\/\/ohana-heritage.com\/de\/wp-json\/wp\/v2\/users\/1"}],"replies":[{"embeddable":true,"href":"https:\/\/ohana-heritage.com\/de\/wp-json\/wp\/v2\/comments?post=19690"}],"version-history":[{"count":6,"href":"https:\/\/ohana-heritage.com\/de\/wp-json\/wp\/v2\/pages\/19690\/revisions"}],"predecessor-version":[{"id":20864,"href":"https:\/\/ohana-heritage.com\/de\/wp-json\/wp\/v2\/pages\/19690\/revisions\/20864"}],"wp:featuredmedia":[{"embeddable":true,"href":"https:\/\/ohana-heritage.com\/de\/wp-json\/wp\/v2\/media\/19622"}],"wp:attachment":[{"href":"https:\/\/ohana-heritage.com\/de\/wp-json\/wp\/v2\/media?parent=19690"}],"curies":[{"name":"wp","href":"https:\/\/api.w.org\/{rel}","templated":true}]}}